{"id":1162,"date":"2020-06-14T20:46:33","date_gmt":"2020-06-14T18:46:33","guid":{"rendered":"https:\/\/www.anegcon.com\/?page_id=1162"},"modified":"2023-03-07T12:16:19","modified_gmt":"2023-03-07T11:16:19","slug":"franziska-von-langen","status":"publish","type":"page","link":"https:\/\/www.anegcon.com\/home\/franziska-von-langen\/","title":{"rendered":"FRANZISKA VON LANGEN"},"content":{"rendered":"\t\t<div data-elementor-type=\"wp-page\" data-elementor-id=\"1162\" class=\"elementor elementor-1162\">\n\t\t\t\t\t\t<div class=\"elementor-inner\">\n\t\t\t\t<div class=\"elementor-section-wrap\">\n\t\t\t\t\t\t\t\t\t<section class=\"has_eae_slider elementor-section elementor-top-section elementor-element elementor-element-2f7456e elementor-section-boxed elementor-section-height-default elementor-section-height-default\" data-id=\"2f7456e\" data-element_type=\"section\">\n\t\t\t\t\t\t<div class=\"elementor-container elementor-column-gap-default\">\n\t\t\t\t\t\t\t<div class=\"elementor-row\">\n\t\t\t\t\t<div class=\"has_eae_slider elementor-column elementor-col-100 elementor-top-column elementor-element elementor-element-8ed68f3\" data-id=\"8ed68f3\" data-element_type=\"column\">\n\t\t\t<div class=\"elementor-column-wrap elementor-element-populated\">\n\t\t\t\t\t\t\t<div class=\"elementor-widget-wrap\">\n\t\t\t\t\t\t<div class=\"elementor-element elementor-element-64f26f8 elementor-widget elementor-widget-heading\" data-id=\"64f26f8\" data-element_type=\"widget\" data-widget_type=\"heading.default\">\n\t\t\t\t<div class=\"elementor-widget-container\">\n\t\t\t<h2 class=\"elementor-heading-title elementor-size-default\"><h2 data-elementor-setting-key=\"title\" data-pen-placeholder=\"Eingabe hier...\" style=\"letter-spacing: normal;\"><span style=\"font-size: 18pt; font-family: Arial; color: black; font-weight: normal;\">ANEGcon <\/span><span style=\"font-size: 18pt; font-family: Arial; color: black; font-weight: normal;\">Kernteam \u2013 \u201e<\/span><span style=\"font-size: 18pt; font-family: Arial; color: black; font-weight: normal;\">It\u2018s <\/span><span style=\"font-size: 18pt; font-family: Arial; color: black; font-weight: normal;\">all <\/span><span style=\"font-size: 18pt; font-family: Arial; color: black; font-weight: normal;\">about <\/span><span style=\"font-size: 18pt; font-family: Arial; color: black; font-weight: normal;\">People\u201c<\/span><\/h2><\/h2>\t\t<\/div>\n\t\t\t\t<\/div>\n\t\t\t\t\t\t<\/div>\n\t\t\t\t\t<\/div>\n\t\t<\/div>\n\t\t\t\t\t\t\t\t<\/div>\n\t\t\t\t\t<\/div>\n\t\t<\/section>\n\t\t\t\t<section class=\"has_eae_slider elementor-section elementor-top-section elementor-element elementor-element-4d41315 elementor-section-boxed elementor-section-height-default elementor-section-height-default\" data-id=\"4d41315\" data-element_type=\"section\">\n\t\t\t\t\t\t<div class=\"elementor-container elementor-column-gap-default\">\n\t\t\t\t\t\t\t<div class=\"elementor-row\">\n\t\t\t\t\t<div class=\"has_eae_slider elementor-column elementor-col-50 elementor-top-column elementor-element elementor-element-248f067\" data-id=\"248f067\" data-element_type=\"column\">\n\t\t\t<div class=\"elementor-column-wrap elementor-element-populated\">\n\t\t\t\t\t\t\t<div class=\"elementor-widget-wrap\">\n\t\t\t\t\t\t<div class=\"elementor-element elementor-element-3dd854f elementor-widget elementor-widget-image\" data-id=\"3dd854f\" data-element_type=\"widget\" data-widget_type=\"image.default\">\n\t\t\t\t<div class=\"elementor-widget-container\">\n\t\t\t\t\t\t\t\t<div class=\"elementor-image\">\n\t\t\t\t\t\t\t\t\t<figure class=\"wp-caption\">\n\t\t\t\t\t\t\t\t\t\t<img loading=\"lazy\" decoding=\"async\" width=\"238\" height=\"300\" src=\"https:\/\/www.anegcon.com\/wp-content\/uploads\/2020\/06\/Franziska_Ridzewski-238x300.png\" class=\"attachment-medium size-medium wp-image-1154\" alt=\"\" srcset=\"https:\/\/www.anegcon.com\/wp-content\/uploads\/2020\/06\/Franziska_Ridzewski-238x300.png 238w, https:\/\/www.anegcon.com\/wp-content\/uploads\/2020\/06\/Franziska_Ridzewski.png 345w\" sizes=\"auto, (max-width: 238px) 100vw, 238px\" \/>\t\t\t\t\t\t\t\t\t\t\t<figcaption class=\"widget-image-caption wp-caption-text\">FRANZISKA VON LANGEN | Partner ANEGcon GmbH<\/figcaption>\n\t\t\t\t\t\t\t\t\t\t<\/figure>\n\t\t\t\t\t\t\t\t<\/div>\n\t\t\t\t\t\t<\/div>\n\t\t\t\t<\/div>\n\t\t\t\t\t\t<\/div>\n\t\t\t\t\t<\/div>\n\t\t<\/div>\n\t\t\t\t<div class=\"has_eae_slider elementor-column elementor-col-50 elementor-top-column elementor-element elementor-element-620f941\" data-id=\"620f941\" data-element_type=\"column\">\n\t\t\t<div class=\"elementor-column-wrap elementor-element-populated\">\n\t\t\t\t\t\t\t<div class=\"elementor-widget-wrap\">\n\t\t\t\t\t\t<div class=\"elementor-element elementor-element-53676e3 elementor-widget elementor-widget-text-editor\" data-id=\"53676e3\" data-element_type=\"widget\" data-widget_type=\"text-editor.default\">\n\t\t\t\t<div class=\"elementor-widget-container\">\n\t\t\t\t\t\t\t\t<div class=\"elementor-text-editor elementor-clearfix\">\n\t\t\t\t<p><span style=\"color: #000000;\"><b>Franziska von Langen<\/b> verf\u00fcgt \u00fcber eine mehrj\u00e4hrige internationale Erfahrung als Personalmanagerin in Konzernen und mittelst\u00e4ndischen Unternehmen. Ihr Fokus liegt in den Bereichen IT, Design und Startups. Sie ist als Senior Beraterin im HR t\u00e4tig und unterst\u00fctzt die <b>ANEGcon<\/b>\u00a0als Partner.\u00a0<\/span><\/p><h2 style=\"letter-spacing: normal; color: #0b6767;\"><span style=\"font-weight: normal;\">Berufserfahrung:<\/span><\/h2><p style=\"color: #0b6767;\"><span style=\"color: #000000; font-weight: bold; letter-spacing: 0px;\">Mehrj\u00e4hrige Erfahrung als Group Director People<br \/><br style=\"color: #0b6767;\" \/><span style=\"color: #000000; font-weight: bold; letter-spacing: 0px;\">Erfahrung als Senior Manager External Partner &amp; Human Resources<br \/><\/span><\/span><\/p><p style=\"color: #0b6767;\"><span style=\"color: #000000; font-weight: bold; letter-spacing: 0px;\">Diverse Managementfunktionen in namhaften gro\u00df- und mittelst\u00e4ndischen Unternehmen, unter anderem in den Funktionen:\u00a0<\/span><\/p><ul style=\"color: #0b6767;\"><li><span style=\"letter-spacing: 0px;\">Senior Consultant f\u00fcr Design- und IT Unternehmen<br \/><\/span><\/li><li><span style=\"letter-spacing: 0px;\">Verschiedene Funktionen im Bereich HR und Einkauf<br \/><\/span><\/li><li><span style=\"letter-spacing: 0px;\"><span style=\"letter-spacing: 0px;\">Verantwortliches Management von HR-Konzernprojekten<br \/><\/span><\/span><\/li><\/ul><div><span style=\"color: #0b6767;\">\u00a0<\/span><\/div><div style=\"color: #0b6767;\"><p><span style=\"font-weight: bold; color: #000000;\">Gesch\u00e4ftsf\u00fchrerin mad4u, networking partners<br \/><\/span><\/p><p><span style=\"color: #000000; font-weight: 600;\">Mentorin bei Joblinge (Non-Profit-Organisation f\u00fcr sozial benachteiligte Jugendliche)<br \/><\/span><\/p><p><span style=\"color: #000000; font-weight: 600;\">Ausbildung: Ausbildung: BA Human Resources, Dipl. Industrial Designerin<br \/><br \/><\/span><\/p><p><span style=\"font-family: Graphik, -apple-system, BlinkMacSystemFont, 'Segoe UI', Helvetica, Arial, sans-serif; font-size: 1.75em; letter-spacing: 0px;\">Beratungsschwerpunkte:<\/span><\/p><ul><li><span style=\"letter-spacing: 0px;\">Human Resources<br \/><\/span><\/li><li><span style=\"letter-spacing: 0px;\">Information Technology<\/span><\/li><li>Strategic Design<\/li><li><span style=\"letter-spacing: 0px;\">Startups<\/span><\/li><\/ul><\/div>\t\t\t\t\t<\/div>\n\t\t\t\t\t\t<\/div>\n\t\t\t\t<\/div>\n\t\t\t\t\t\t<\/div>\n\t\t\t\t\t<\/div>\n\t\t<\/div>\n\t\t\t\t\t\t\t\t<\/div>\n\t\t\t\t\t<\/div>\n\t\t<\/section>\n\t\t\t\t<section class=\"has_eae_slider elementor-section elementor-top-section elementor-element elementor-element-5c82db9 elementor-section-boxed elementor-section-height-default elementor-section-height-default\" data-id=\"5c82db9\" data-element_type=\"section\">\n\t\t\t\t\t\t<div class=\"elementor-container elementor-column-gap-default\">\n\t\t\t\t\t\t\t<div class=\"elementor-row\">\n\t\t\t\t\t<div class=\"has_eae_slider elementor-column elementor-col-100 elementor-top-column elementor-element elementor-element-7b9a4b5\" data-id=\"7b9a4b5\" data-element_type=\"column\">\n\t\t\t<div class=\"elementor-column-wrap elementor-element-populated\">\n\t\t\t\t\t\t\t<div class=\"elementor-widget-wrap\">\n\t\t\t\t\t\t<div class=\"elementor-element elementor-element-8f7d675 elementor-widget elementor-widget-image\" data-id=\"8f7d675\" data-element_type=\"widget\" data-widget_type=\"image.default\">\n\t\t\t\t<div class=\"elementor-widget-container\">\n\t\t\t\t\t\t\t\t<div class=\"elementor-image\">\n\t\t\t\t\t\t\t\t\t<figure class=\"wp-caption\">\n\t\t\t\t\t\t\t\t\t\t<img loading=\"lazy\" decoding=\"async\" width=\"150\" height=\"150\" src=\"https:\/\/www.anegcon.com\/wp-content\/uploads\/2020\/06\/Franziska_Ridzewski-2-150x150.png\" class=\"attachment-thumbnail size-thumbnail wp-image-1173\" alt=\"\" srcset=\"https:\/\/www.anegcon.com\/wp-content\/uploads\/2020\/06\/Franziska_Ridzewski-2-150x150.png 150w, https:\/\/www.anegcon.com\/wp-content\/uploads\/2020\/06\/Franziska_Ridzewski-2-300x300.png 300w, https:\/\/www.anegcon.com\/wp-content\/uploads\/2020\/06\/Franziska_Ridzewski-2-1024x1024.png 1024w, https:\/\/www.anegcon.com\/wp-content\/uploads\/2020\/06\/Franziska_Ridzewski-2-768x768.png 768w, https:\/\/www.anegcon.com\/wp-content\/uploads\/2020\/06\/Franziska_Ridzewski-2-1536x1536.png 1536w, https:\/\/www.anegcon.com\/wp-content\/uploads\/2020\/06\/Franziska_Ridzewski-2-2048x2048.png 2048w\" sizes=\"auto, (max-width: 150px) 100vw, 150px\" \/>\t\t\t\t\t\t\t\t\t\t\t<figcaption class=\"widget-image-caption wp-caption-text\">Scan die Visitenkarte von Franziska von Langen, Partner der ANEGcon<\/figcaption>\n\t\t\t\t\t\t\t\t\t\t<\/figure>\n\t\t\t\t\t\t\t\t<\/div>\n\t\t\t\t\t\t<\/div>\n\t\t\t\t<\/div>\n\t\t\t\t\t\t<\/div>\n\t\t\t\t\t<\/div>\n\t\t<\/div>\n\t\t\t\t\t\t\t\t<\/div>\n\t\t\t\t\t<\/div>\n\t\t<\/section>\n\t\t\t\t<section class=\"has_eae_slider elementor-section elementor-top-section elementor-element elementor-element-75439f6 elementor-section-boxed elementor-section-height-default elementor-section-height-default\" data-id=\"75439f6\" data-element_type=\"section\">\n\t\t\t\t\t\t<div class=\"elementor-container elementor-column-gap-default\">\n\t\t\t\t\t\t\t<div class=\"elementor-row\">\n\t\t\t\t\t<div class=\"has_eae_slider elementor-column elementor-col-50 elementor-top-column elementor-element elementor-element-dc0d452\" data-id=\"dc0d452\" data-element_type=\"column\">\n\t\t\t<div class=\"elementor-column-wrap elementor-element-populated\">\n\t\t\t\t\t\t\t<div class=\"elementor-widget-wrap\">\n\t\t\t\t\t\t<div class=\"elementor-element elementor-element-d8cd77f elementor-align-right elementor-mobile-align-center elementor-widget elementor-widget-button\" data-id=\"d8cd77f\" data-element_type=\"widget\" data-widget_type=\"button.default\">\n\t\t\t\t<div class=\"elementor-widget-container\">\n\t\t\t\t\t<div class=\"elementor-button-wrapper\">\n\t\t\t<a href=\"mailto:franziska.von.langen@anegcon.com\" class=\"elementor-button-link elementor-button elementor-size-sm\" role=\"button\">\n\t\t\t\t\t\t<span class=\"elementor-button-content-wrapper\">\n\t\t\t\t\t\t<span class=\"elementor-button-text\">KONTAKT<\/span>\n\t\t<\/span>\n\t\t\t\t\t<\/a>\n\t\t<\/div>\n\t\t\t\t<\/div>\n\t\t\t\t<\/div>\n\t\t\t\t\t\t<\/div>\n\t\t\t\t\t<\/div>\n\t\t<\/div>\n\t\t\t\t<div class=\"has_eae_slider elementor-column elementor-col-50 elementor-top-column elementor-element elementor-element-382834d\" data-id=\"382834d\" data-element_type=\"column\">\n\t\t\t<div class=\"elementor-column-wrap elementor-element-populated\">\n\t\t\t\t\t\t\t<div class=\"elementor-widget-wrap\">\n\t\t\t\t\t\t<div class=\"elementor-element elementor-element-df9ae8f elementor-mobile-align-center elementor-widget elementor-widget-button\" data-id=\"df9ae8f\" data-element_type=\"widget\" data-widget_type=\"button.default\">\n\t\t\t\t<div class=\"elementor-widget-container\">\n\t\t\t\t\t<div class=\"elementor-button-wrapper\">\n\t\t\t<a href=\"https:\/\/www.anegcon.com\/#team\" class=\"elementor-button-link elementor-button elementor-size-sm\" role=\"button\">\n\t\t\t\t\t\t<span class=\"elementor-button-content-wrapper\">\n\t\t\t\t\t\t<span class=\"elementor-button-text\">ZUR\u00dcCK<\/span>\n\t\t<\/span>\n\t\t\t\t\t<\/a>\n\t\t<\/div>\n\t\t\t\t<\/div>\n\t\t\t\t<\/div>\n\t\t\t\t\t\t<\/div>\n\t\t\t\t\t<\/div>\n\t\t<\/div>\n\t\t\t\t\t\t\t\t<\/div>\n\t\t\t\t\t<\/div>\n\t\t<\/section>\n\t\t\t\t\t\t\t\t\t<\/div>\n\t\t\t<\/div>\n\t\t\t\t\t<\/div>\n\t\t","protected":false},"excerpt":{"rendered":"<p>ANEGcon Kernteam \u2013 \u201eIt\u2018s all about People\u201c FRANZISKA VON LANGEN | Partner ANEGcon GmbH Franziska von Langen verf\u00fcgt \u00fcber eine mehrj\u00e4hrige internationale Erfahrung als Personalmanagerin in Konzernen und mittelst\u00e4ndischen Unternehmen. Ihr Fokus liegt in den Bereichen IT, Design und Startups. Sie ist als Senior Beraterin im HR t\u00e4tig und unterst\u00fctzt die ANEGcon&nbsp;als Partner.&nbsp; Berufserfahrung: Mehrj\u00e4hrige&hellip;&nbsp;<a href=\"https:\/\/www.anegcon.com\/home\/franziska-von-langen\/\" class=\"\" rel=\"bookmark\">Weiterlesen &raquo;<span class=\"screen-reader-text\">FRANZISKA VON LANGEN<\/span><\/a><\/p>\n","protected":false},"author":1,"featured_media":0,"parent":0,"menu_order":0,"comment_status":"closed","ping_status":"closed","template":"page-templates\/template-pagebuilder-full-width.php","meta":{"footnotes":""},"class_list":["post-1162","page","type-page","status-publish","hentry"],"_links":{"self":[{"href":"https:\/\/www.anegcon.com\/home\/wp-json\/wp\/v2\/pages\/1162","targetHints":{"allow":["GET"]}}],"collection":[{"href":"https:\/\/www.anegcon.com\/home\/wp-json\/wp\/v2\/pages"}],"about":[{"href":"https:\/\/www.anegcon.com\/home\/wp-json\/wp\/v2\/types\/page"}],"author":[{"embeddable":true,"href":"https:\/\/www.anegcon.com\/home\/wp-json\/wp\/v2\/users\/1"}],"replies":[{"embeddable":true,"href":"https:\/\/www.anegcon.com\/home\/wp-json\/wp\/v2\/comments?post=1162"}],"version-history":[{"count":25,"href":"https:\/\/www.anegcon.com\/home\/wp-json\/wp\/v2\/pages\/1162\/revisions"}],"predecessor-version":[{"id":1488,"href":"https:\/\/www.anegcon.com\/home\/wp-json\/wp\/v2\/pages\/1162\/revisions\/1488"}],"wp:attachment":[{"href":"https:\/\/www.anegcon.com\/home\/wp-json\/wp\/v2\/media?parent=1162"}],"curies":[{"name":"wp","href":"https:\/\/api.w.org\/{rel}","templated":true}]}}