{"id":1369,"date":"2023-03-06T23:34:53","date_gmt":"2023-03-06T22:34:53","guid":{"rendered":"https:\/\/www.anegcon.com\/?page_id=1369"},"modified":"2023-05-31T13:20:33","modified_gmt":"2023-05-31T11:20:33","slug":"peter-gleissner","status":"publish","type":"page","link":"https:\/\/www.anegcon.com\/home\/peter-gleissner\/","title":{"rendered":"PETER GLEISSNER"},"content":{"rendered":"\t\t<div data-elementor-type=\"wp-page\" data-elementor-id=\"1369\" class=\"elementor elementor-1369\">\n\t\t\t\t\t\t<div class=\"elementor-inner\">\n\t\t\t\t<div class=\"elementor-section-wrap\">\n\t\t\t\t\t\t\t\t\t<section class=\"has_eae_slider elementor-section elementor-top-section elementor-element elementor-element-4fca895 elementor-section-boxed elementor-section-height-default elementor-section-height-default\" data-id=\"4fca895\" data-element_type=\"section\">\n\t\t\t\t\t\t<div class=\"elementor-container elementor-column-gap-wider\">\n\t\t\t\t\t\t\t<div class=\"elementor-row\">\n\t\t\t\t\t<div class=\"has_eae_slider elementor-column elementor-col-100 elementor-top-column elementor-element elementor-element-94d210f\" data-id=\"94d210f\" data-element_type=\"column\">\n\t\t\t<div class=\"elementor-column-wrap elementor-element-populated\">\n\t\t\t\t\t\t\t<div class=\"elementor-widget-wrap\">\n\t\t\t\t\t\t<div class=\"elementor-element elementor-element-89366aa elementor-widget elementor-widget-heading\" data-id=\"89366aa\" data-element_type=\"widget\" data-widget_type=\"heading.default\">\n\t\t\t\t<div class=\"elementor-widget-container\">\n\t\t\t<h2 class=\"elementor-heading-title elementor-size-default\"><span style=\"font-size:18.0pt;font-family:Arial;mso-ascii-font-family:\nArial;mso-fareast-font-family:+mj-ea;mso-bidi-font-family:Arial;mso-fareast-theme-font:\nmajor-fareast;color:black;mso-color-index:1;mso-font-kerning:12.0pt;language:\nde;font-weight:normal;mso-style-textfill-type:solid;mso-style-textfill-fill-themecolor:\ntext1;mso-style-textfill-fill-color:black;mso-style-textfill-fill-alpha:100.0%\">ANEGcon <\/span><span style=\"font-size:18.0pt;font-family:Arial;mso-ascii-font-family:Arial;\nmso-fareast-font-family:+mj-ea;mso-bidi-font-family:Arial;mso-fareast-theme-font:\nmajor-fareast;color:black;mso-color-index:1;mso-font-kerning:12.0pt;language:\nde;font-weight:normal;mso-style-textfill-type:solid;mso-style-textfill-fill-themecolor:\ntext1;mso-style-textfill-fill-color:black;mso-style-textfill-fill-alpha:100.0%\">Kernteam \u2013 \u201e<\/span><span style=\"font-size:18.0pt;font-family:Arial;mso-ascii-font-family:\nArial;mso-fareast-font-family:+mj-ea;mso-bidi-font-family:Arial;mso-fareast-theme-font:\nmajor-fareast;color:black;mso-color-index:1;mso-font-kerning:12.0pt;language:\nde;font-weight:normal;mso-style-textfill-type:solid;mso-style-textfill-fill-themecolor:\ntext1;mso-style-textfill-fill-color:black;mso-style-textfill-fill-alpha:100.0%\">It\u2018s <\/span><span style=\"font-size:18.0pt;font-family:Arial;mso-ascii-font-family:Arial;\nmso-fareast-font-family:+mj-ea;mso-bidi-font-family:Arial;mso-fareast-theme-font:\nmajor-fareast;color:black;mso-color-index:1;mso-font-kerning:12.0pt;language:\nde;font-weight:normal;mso-style-textfill-type:solid;mso-style-textfill-fill-themecolor:\ntext1;mso-style-textfill-fill-color:black;mso-style-textfill-fill-alpha:100.0%\">all <\/span><span style=\"font-size:18.0pt;font-family:Arial;mso-ascii-font-family:\nArial;mso-fareast-font-family:+mj-ea;mso-bidi-font-family:Arial;mso-fareast-theme-font:\nmajor-fareast;color:black;mso-color-index:1;mso-font-kerning:12.0pt;language:\nde;font-weight:normal;mso-style-textfill-type:solid;mso-style-textfill-fill-themecolor:\ntext1;mso-style-textfill-fill-color:black;mso-style-textfill-fill-alpha:100.0%\">about <\/span><span style=\"font-size:18.0pt;font-family:Arial;mso-ascii-font-family:Arial;\nmso-fareast-font-family:+mj-ea;mso-bidi-font-family:Arial;mso-fareast-theme-font:\nmajor-fareast;color:black;mso-color-index:1;mso-font-kerning:12.0pt;language:\nde;font-weight:normal;mso-style-textfill-type:solid;mso-style-textfill-fill-themecolor:\ntext1;mso-style-textfill-fill-color:black;mso-style-textfill-fill-alpha:100.0%\">People\u201c<\/span><\/h2>\t\t<\/div>\n\t\t\t\t<\/div>\n\t\t\t\t\t\t<\/div>\n\t\t\t\t\t<\/div>\n\t\t<\/div>\n\t\t\t\t\t\t\t\t<\/div>\n\t\t\t\t\t<\/div>\n\t\t<\/section>\n\t\t\t\t<section class=\"has_eae_slider elementor-section elementor-top-section elementor-element elementor-element-8650d16 elementor-section-boxed elementor-section-height-default elementor-section-height-default\" data-id=\"8650d16\" data-element_type=\"section\">\n\t\t\t\t\t\t<div class=\"elementor-container elementor-column-gap-default\">\n\t\t\t\t\t\t\t<div class=\"elementor-row\">\n\t\t\t\t\t<div class=\"has_eae_slider elementor-column elementor-col-50 elementor-top-column elementor-element elementor-element-5cd0fa2\" data-id=\"5cd0fa2\" data-element_type=\"column\">\n\t\t\t<div class=\"elementor-column-wrap elementor-element-populated\">\n\t\t\t\t\t\t\t<div class=\"elementor-widget-wrap\">\n\t\t\t\t\t\t<div class=\"elementor-element elementor-element-213e1b7 elementor-widget elementor-widget-image\" data-id=\"213e1b7\" data-element_type=\"widget\" data-widget_type=\"image.default\">\n\t\t\t\t<div class=\"elementor-widget-container\">\n\t\t\t\t\t\t\t\t<div class=\"elementor-image\">\n\t\t\t\t\t\t\t\t\t<figure class=\"wp-caption\">\n\t\t\t\t\t\t\t\t\t\t<img loading=\"lazy\" decoding=\"async\" width=\"238\" height=\"300\" src=\"https:\/\/www.anegcon.com\/wp-content\/uploads\/2023\/03\/Peter_Gleissner-1-238x300.png\" class=\"attachment-medium size-medium wp-image-1317\" alt=\"\" srcset=\"https:\/\/www.anegcon.com\/wp-content\/uploads\/2023\/03\/Peter_Gleissner-1-238x300.png 238w, https:\/\/www.anegcon.com\/wp-content\/uploads\/2023\/03\/Peter_Gleissner-1.png 345w\" sizes=\"auto, (max-width: 238px) 100vw, 238px\" \/>\t\t\t\t\t\t\t\t\t\t\t<figcaption class=\"widget-image-caption wp-caption-text\">PETER GLEISSNER | Partner ANEGcon GmbH<\/figcaption>\n\t\t\t\t\t\t\t\t\t\t<\/figure>\n\t\t\t\t\t\t\t\t<\/div>\n\t\t\t\t\t\t<\/div>\n\t\t\t\t<\/div>\n\t\t\t\t\t\t<\/div>\n\t\t\t\t\t<\/div>\n\t\t<\/div>\n\t\t\t\t<div class=\"has_eae_slider elementor-column elementor-col-50 elementor-top-column elementor-element elementor-element-c3dd243\" data-id=\"c3dd243\" data-element_type=\"column\">\n\t\t\t<div class=\"elementor-column-wrap elementor-element-populated\">\n\t\t\t\t\t\t\t<div class=\"elementor-widget-wrap\">\n\t\t\t\t\t\t<div class=\"elementor-element elementor-element-411ea3a elementor-widget elementor-widget-text-editor\" data-id=\"411ea3a\" data-element_type=\"widget\" data-widget_type=\"text-editor.default\">\n\t\t\t\t<div class=\"elementor-widget-container\">\n\t\t\t\t\t\t\t\t<div class=\"elementor-text-editor elementor-clearfix\">\n\t\t\t\t<p><span style=\"color: #000000;\"><b>Peter Gleissner <\/b>ist Partner der\u00a0<b>ANEGcon.\u00a0<\/b>Er verf\u00fcgt \u00fcber umfangreiche Erfahrung im\u00a0Bereich der Halbleiter- und IT-Industrie. Schwerpunkte seiner Laufbahn sind Gesch\u00e4ftsentwicklung, Personalf\u00fchrung sowie Digitalisierung.\u00a0<\/span><\/p><h2 style=\"letter-spacing: normal; color: #0b6767;\"><span style=\"font-weight: normal;\">Berufserfahrung:<\/span><\/h2><p><span style=\"color: #000000; font-weight: bold; letter-spacing: 0px;\">Exzellentes globales Netzwerk in der Halbleiter und IT-Industrie<\/span><\/p><p><span style=\"color: #000000; font-weight: bold; letter-spacing: 0px;\">Gesch\u00e4fts- und Personalentwicklung, sowie Organisationstransformation<\/span><\/p><p><span style=\"color: #000000; font-weight: bold; letter-spacing: 0px;\">Entwicklung von Go-to-Market Strategien und Aktionspl\u00e4nen im Bereich Computing, IoT, Automotive und Datencenter.<\/span><\/p><p><span style=\"color: #000000; font-weight: bold; letter-spacing: 0px;\">Breite F\u00fchrungs- und Managementerfahrung\u00a0 <\/span><\/p><ul style=\"font-family: Roboto, sans-serif; font-size: 14px; font-weight: 400;\"><li><span style=\"letter-spacing: 0px;\">Operations- und Produktmanagement <\/span><\/li><li><span style=\"letter-spacing: 0px;\">Sales und Marketing <\/span><\/li><li><span style=\"letter-spacing: 0px;\"><span style=\"letter-spacing: 0px;\"><span style=\"letter-spacing: 0px;\">General Management <\/span><\/span><\/span>\u00a0<\/li><\/ul><div><span style=\"font-size: 14px;\">\u00a0<\/span><\/div><div><p style=\"font-family: Roboto, sans-serif; font-size: 14px; font-weight: 400;\"><span style=\"font-weight: bold; color: #000000;\">Leitung des Europagesch\u00e4ftes eines der gr\u00f6\u00dften weltweit t\u00e4tigen Halbleiterunternehmens. <\/span><\/p><p style=\"font-family: Roboto, sans-serif; font-size: 14px; font-weight: 400;\"><span style=\"color: #000000; font-weight: 600;\">Ausbildung: Dipl. Wi-Ing., Insead 2006, Stanford 2017<\/span><\/p><p style=\"font-family: Roboto, sans-serif; font-size: 14px; font-weight: 400;\"><span style=\"font-family: Graphik, -apple-system, BlinkMacSystemFont, 'Segoe UI', Helvetica, Arial, sans-serif; font-size: 1.75em; letter-spacing: 0px;\">Beratungsschwerpunkte:<\/span><\/p><ul style=\"font-family: Roboto, sans-serif; font-size: 14px; font-weight: 400;\"><li><span style=\"letter-spacing: 0px;\">General Management <\/span><\/li><li><span style=\"letter-spacing: 0px;\">Strategie und GTM<\/span><\/li><li><span style=\"letter-spacing: 0px;\">Digitalisierung<\/span><\/li><\/ul><\/div>\t\t\t\t\t<\/div>\n\t\t\t\t\t\t<\/div>\n\t\t\t\t<\/div>\n\t\t\t\t\t\t<\/div>\n\t\t\t\t\t<\/div>\n\t\t<\/div>\n\t\t\t\t\t\t\t\t<\/div>\n\t\t\t\t\t<\/div>\n\t\t<\/section>\n\t\t\t\t<section class=\"has_eae_slider elementor-section elementor-top-section elementor-element elementor-element-8837281 elementor-section-boxed elementor-section-height-default elementor-section-height-default\" data-id=\"8837281\" data-element_type=\"section\">\n\t\t\t\t\t\t<div class=\"elementor-container elementor-column-gap-default\">\n\t\t\t\t\t\t\t<div class=\"elementor-row\">\n\t\t\t\t\t<div class=\"has_eae_slider elementor-column elementor-col-100 elementor-top-column elementor-element elementor-element-940f6dc\" data-id=\"940f6dc\" data-element_type=\"column\">\n\t\t\t<div class=\"elementor-column-wrap elementor-element-populated\">\n\t\t\t\t\t\t\t<div class=\"elementor-widget-wrap\">\n\t\t\t\t\t\t<div class=\"elementor-element elementor-element-f79741d elementor-widget elementor-widget-image\" data-id=\"f79741d\" data-element_type=\"widget\" data-widget_type=\"image.default\">\n\t\t\t\t<div class=\"elementor-widget-container\">\n\t\t\t\t\t\t\t\t<div class=\"elementor-image\">\n\t\t\t\t\t\t\t\t\t<figure class=\"wp-caption\">\n\t\t\t\t\t\t\t\t\t\t<img loading=\"lazy\" decoding=\"async\" width=\"150\" height=\"150\" src=\"https:\/\/www.anegcon.com\/wp-content\/uploads\/2023\/03\/Peter_Gleissner_QR-150x150.png\" class=\"attachment-thumbnail size-thumbnail wp-image-1325\" alt=\"\" srcset=\"https:\/\/www.anegcon.com\/wp-content\/uploads\/2023\/03\/Peter_Gleissner_QR-150x150.png 150w, https:\/\/www.anegcon.com\/wp-content\/uploads\/2023\/03\/Peter_Gleissner_QR-300x300.png 300w, https:\/\/www.anegcon.com\/wp-content\/uploads\/2023\/03\/Peter_Gleissner_QR-1024x1024.png 1024w, https:\/\/www.anegcon.com\/wp-content\/uploads\/2023\/03\/Peter_Gleissner_QR-768x768.png 768w, https:\/\/www.anegcon.com\/wp-content\/uploads\/2023\/03\/Peter_Gleissner_QR-1536x1536.png 1536w, https:\/\/www.anegcon.com\/wp-content\/uploads\/2023\/03\/Peter_Gleissner_QR-2048x2048.png 2048w\" sizes=\"auto, (max-width: 150px) 100vw, 150px\" \/>\t\t\t\t\t\t\t\t\t\t\t<figcaption class=\"widget-image-caption wp-caption-text\">Scan die Visitenkarte von Peter Gleissner, Partner der ANEGcon<\/figcaption>\n\t\t\t\t\t\t\t\t\t\t<\/figure>\n\t\t\t\t\t\t\t\t<\/div>\n\t\t\t\t\t\t<\/div>\n\t\t\t\t<\/div>\n\t\t\t\t\t\t<\/div>\n\t\t\t\t\t<\/div>\n\t\t<\/div>\n\t\t\t\t\t\t\t\t<\/div>\n\t\t\t\t\t<\/div>\n\t\t<\/section>\n\t\t\t\t<section class=\"has_eae_slider elementor-section elementor-top-section elementor-element elementor-element-3f9cc31 elementor-section-boxed elementor-section-height-default elementor-section-height-default\" data-id=\"3f9cc31\" data-element_type=\"section\">\n\t\t\t\t\t\t<div class=\"elementor-container elementor-column-gap-default\">\n\t\t\t\t\t\t\t<div class=\"elementor-row\">\n\t\t\t\t\t<div class=\"has_eae_slider elementor-column elementor-col-50 elementor-top-column elementor-element elementor-element-bfe224c\" data-id=\"bfe224c\" data-element_type=\"column\">\n\t\t\t<div class=\"elementor-column-wrap elementor-element-populated\">\n\t\t\t\t\t\t\t<div class=\"elementor-widget-wrap\">\n\t\t\t\t\t\t<div class=\"elementor-element elementor-element-882bbdb elementor-align-right elementor-mobile-align-center elementor-widget elementor-widget-button\" data-id=\"882bbdb\" data-element_type=\"widget\" data-widget_type=\"button.default\">\n\t\t\t\t<div class=\"elementor-widget-container\">\n\t\t\t\t\t<div class=\"elementor-button-wrapper\">\n\t\t\t<a href=\"mailto:andreas.thimmel@anegcon.com\" class=\"elementor-button-link elementor-button elementor-size-sm\" role=\"button\">\n\t\t\t\t\t\t<span class=\"elementor-button-content-wrapper\">\n\t\t\t\t\t\t<span class=\"elementor-button-text\">KONTAKT<\/span>\n\t\t<\/span>\n\t\t\t\t\t<\/a>\n\t\t<\/div>\n\t\t\t\t<\/div>\n\t\t\t\t<\/div>\n\t\t\t\t\t\t<\/div>\n\t\t\t\t\t<\/div>\n\t\t<\/div>\n\t\t\t\t<div class=\"has_eae_slider elementor-column elementor-col-50 elementor-top-column elementor-element elementor-element-ac41516\" data-id=\"ac41516\" data-element_type=\"column\">\n\t\t\t<div class=\"elementor-column-wrap elementor-element-populated\">\n\t\t\t\t\t\t\t<div class=\"elementor-widget-wrap\">\n\t\t\t\t\t\t<div class=\"elementor-element elementor-element-2519cc0 elementor-align-left elementor-mobile-align-center elementor-widget elementor-widget-button\" data-id=\"2519cc0\" data-element_type=\"widget\" data-widget_type=\"button.default\">\n\t\t\t\t<div class=\"elementor-widget-container\">\n\t\t\t\t\t<div class=\"elementor-button-wrapper\">\n\t\t\t<a href=\"https:\/\/www.anegcon.com\/#team\" target=\"_blank\" class=\"elementor-button-link elementor-button elementor-size-sm\" role=\"button\">\n\t\t\t\t\t\t<span class=\"elementor-button-content-wrapper\">\n\t\t\t\t\t\t<span class=\"elementor-button-text\">ZUR\u00dcCK<\/span>\n\t\t<\/span>\n\t\t\t\t\t<\/a>\n\t\t<\/div>\n\t\t\t\t<\/div>\n\t\t\t\t<\/div>\n\t\t\t\t\t\t<\/div>\n\t\t\t\t\t<\/div>\n\t\t<\/div>\n\t\t\t\t\t\t\t\t<\/div>\n\t\t\t\t\t<\/div>\n\t\t<\/section>\n\t\t\t\t\t\t\t\t\t<\/div>\n\t\t\t<\/div>\n\t\t\t\t\t<\/div>\n\t\t","protected":false},"excerpt":{"rendered":"<p>ANEGcon Kernteam \u2013 \u201eIt\u2018s all about People\u201c PETER GLEISSNER | Partner ANEGcon GmbH Peter Gleissner ist Partner der\u00a0ANEGcon.\u00a0Er verf\u00fcgt \u00fcber umfangreiche Erfahrung im\u00a0Bereich der Halbleiter- und IT-Industrie. Schwerpunkte seiner Laufbahn sind Gesch\u00e4ftsentwicklung, Personalf\u00fchrung sowie Digitalisierung.\u00a0 Berufserfahrung: Exzellentes globales Netzwerk in der Halbleiter und IT-Industrie Gesch\u00e4fts- und Personalentwicklung, sowie Organisationstransformation Entwicklung von Go-to-Market Strategien und Aktionspl\u00e4nen&hellip;&nbsp;<a href=\"https:\/\/www.anegcon.com\/home\/peter-gleissner\/\" class=\"\" rel=\"bookmark\">Weiterlesen &raquo;<span class=\"screen-reader-text\">PETER GLEISSNER<\/span><\/a><\/p>\n","protected":false},"author":1,"featured_media":0,"parent":0,"menu_order":0,"comment_status":"closed","ping_status":"closed","template":"page-templates\/template-pagebuilder-full-width.php","meta":{"footnotes":""},"class_list":["post-1369","page","type-page","status-publish","hentry"],"_links":{"self":[{"href":"https:\/\/www.anegcon.com\/home\/wp-json\/wp\/v2\/pages\/1369","targetHints":{"allow":["GET"]}}],"collection":[{"href":"https:\/\/www.anegcon.com\/home\/wp-json\/wp\/v2\/pages"}],"about":[{"href":"https:\/\/www.anegcon.com\/home\/wp-json\/wp\/v2\/types\/page"}],"author":[{"embeddable":true,"href":"https:\/\/www.anegcon.com\/home\/wp-json\/wp\/v2\/users\/1"}],"replies":[{"embeddable":true,"href":"https:\/\/www.anegcon.com\/home\/wp-json\/wp\/v2\/comments?post=1369"}],"version-history":[{"count":17,"href":"https:\/\/www.anegcon.com\/home\/wp-json\/wp\/v2\/pages\/1369\/revisions"}],"predecessor-version":[{"id":1672,"href":"https:\/\/www.anegcon.com\/home\/wp-json\/wp\/v2\/pages\/1369\/revisions\/1672"}],"wp:attachment":[{"href":"https:\/\/www.anegcon.com\/home\/wp-json\/wp\/v2\/media?parent=1369"}],"curies":[{"name":"wp","href":"https:\/\/api.w.org\/{rel}","templated":true}]}}