{"id":910,"date":"2020-05-24T19:12:05","date_gmt":"2020-05-24T17:12:05","guid":{"rendered":"https:\/\/www.anegcon.com\/?page_id=910"},"modified":"2026-02-26T16:07:53","modified_gmt":"2026-02-26T15:07:53","slug":"andreas-brandt","status":"publish","type":"page","link":"https:\/\/www.anegcon.com\/home\/andreas-brandt\/","title":{"rendered":"ANDREAS BRANDT"},"content":{"rendered":"\t\t<div data-elementor-type=\"wp-page\" data-elementor-id=\"910\" class=\"elementor elementor-910\">\n\t\t\t\t\t\t<div class=\"elementor-inner\">\n\t\t\t\t<div class=\"elementor-section-wrap\">\n\t\t\t\t\t\t\t\t\t<section class=\"has_eae_slider elementor-section elementor-top-section elementor-element elementor-element-06e130e elementor-section-boxed elementor-section-height-default elementor-section-height-default\" data-id=\"06e130e\" data-element_type=\"section\">\n\t\t\t\t\t\t<div class=\"elementor-container elementor-column-gap-wider\">\n\t\t\t\t\t\t\t<div class=\"elementor-row\">\n\t\t\t\t\t<div class=\"has_eae_slider elementor-column elementor-col-100 elementor-top-column elementor-element elementor-element-a4a4443\" data-id=\"a4a4443\" data-element_type=\"column\">\n\t\t\t<div class=\"elementor-column-wrap elementor-element-populated\">\n\t\t\t\t\t\t\t<div class=\"elementor-widget-wrap\">\n\t\t\t\t\t\t<div class=\"elementor-element elementor-element-2d46ff1 elementor-widget elementor-widget-heading\" data-id=\"2d46ff1\" data-element_type=\"widget\" data-widget_type=\"heading.default\">\n\t\t\t\t<div class=\"elementor-widget-container\">\n\t\t\t<h2 class=\"elementor-heading-title elementor-size-default\"><span style=\"font-size:18.0pt;font-family:Arial;mso-ascii-font-family:\nArial;mso-fareast-font-family:+mj-ea;mso-bidi-font-family:Arial;mso-fareast-theme-font:\nmajor-fareast;color:black;mso-color-index:1;mso-font-kerning:12.0pt;language:\nde;font-weight:normal;mso-style-textfill-type:solid;mso-style-textfill-fill-themecolor:\ntext1;mso-style-textfill-fill-color:black;mso-style-textfill-fill-alpha:100.0%\">ANEGcon <\/span><span style=\"font-size:18.0pt;font-family:Arial;mso-ascii-font-family:Arial;\nmso-fareast-font-family:+mj-ea;mso-bidi-font-family:Arial;mso-fareast-theme-font:\nmajor-fareast;color:black;mso-color-index:1;mso-font-kerning:12.0pt;language:\nde;font-weight:normal;mso-style-textfill-type:solid;mso-style-textfill-fill-themecolor:\ntext1;mso-style-textfill-fill-color:black;mso-style-textfill-fill-alpha:100.0%\">Kernteam \u2013 \u201e<\/span><span style=\"font-size:18.0pt;font-family:Arial;mso-ascii-font-family:\nArial;mso-fareast-font-family:+mj-ea;mso-bidi-font-family:Arial;mso-fareast-theme-font:\nmajor-fareast;color:black;mso-color-index:1;mso-font-kerning:12.0pt;language:\nde;font-weight:normal;mso-style-textfill-type:solid;mso-style-textfill-fill-themecolor:\ntext1;mso-style-textfill-fill-color:black;mso-style-textfill-fill-alpha:100.0%\">It\u2018s <\/span><span style=\"font-size:18.0pt;font-family:Arial;mso-ascii-font-family:Arial;\nmso-fareast-font-family:+mj-ea;mso-bidi-font-family:Arial;mso-fareast-theme-font:\nmajor-fareast;color:black;mso-color-index:1;mso-font-kerning:12.0pt;language:\nde;font-weight:normal;mso-style-textfill-type:solid;mso-style-textfill-fill-themecolor:\ntext1;mso-style-textfill-fill-color:black;mso-style-textfill-fill-alpha:100.0%\">all <\/span><span style=\"font-size:18.0pt;font-family:Arial;mso-ascii-font-family:\nArial;mso-fareast-font-family:+mj-ea;mso-bidi-font-family:Arial;mso-fareast-theme-font:\nmajor-fareast;color:black;mso-color-index:1;mso-font-kerning:12.0pt;language:\nde;font-weight:normal;mso-style-textfill-type:solid;mso-style-textfill-fill-themecolor:\ntext1;mso-style-textfill-fill-color:black;mso-style-textfill-fill-alpha:100.0%\">about <\/span><span style=\"font-size:18.0pt;font-family:Arial;mso-ascii-font-family:Arial;\nmso-fareast-font-family:+mj-ea;mso-bidi-font-family:Arial;mso-fareast-theme-font:\nmajor-fareast;color:black;mso-color-index:1;mso-font-kerning:12.0pt;language:\nde;font-weight:normal;mso-style-textfill-type:solid;mso-style-textfill-fill-themecolor:\ntext1;mso-style-textfill-fill-color:black;mso-style-textfill-fill-alpha:100.0%\">People\u201c<\/span><\/h2>\t\t<\/div>\n\t\t\t\t<\/div>\n\t\t\t\t\t\t<\/div>\n\t\t\t\t\t<\/div>\n\t\t<\/div>\n\t\t\t\t\t\t\t\t<\/div>\n\t\t\t\t\t<\/div>\n\t\t<\/section>\n\t\t\t\t<section class=\"has_eae_slider elementor-section elementor-top-section elementor-element elementor-element-4566819 elementor-section-boxed elementor-section-height-default elementor-section-height-default\" data-id=\"4566819\" data-element_type=\"section\">\n\t\t\t\t\t\t<div class=\"elementor-container elementor-column-gap-default\">\n\t\t\t\t\t\t\t<div class=\"elementor-row\">\n\t\t\t\t\t<div class=\"has_eae_slider elementor-column elementor-col-50 elementor-top-column elementor-element elementor-element-dc614a8\" data-id=\"dc614a8\" data-element_type=\"column\">\n\t\t\t<div class=\"elementor-column-wrap elementor-element-populated\">\n\t\t\t\t\t\t\t<div class=\"elementor-widget-wrap\">\n\t\t\t\t\t\t<div class=\"elementor-element elementor-element-3288649 elementor-widget elementor-widget-image\" data-id=\"3288649\" data-element_type=\"widget\" data-widget_type=\"image.default\">\n\t\t\t\t<div class=\"elementor-widget-container\">\n\t\t\t\t\t\t\t\t<div class=\"elementor-image\">\n\t\t\t\t\t\t\t\t\t<figure class=\"wp-caption\">\n\t\t\t\t\t\t\t\t\t\t<img loading=\"lazy\" decoding=\"async\" width=\"238\" height=\"300\" src=\"https:\/\/www.anegcon.com\/wp-content\/uploads\/2020\/05\/Andreas_Brandt_Partner-238x300.png\" class=\"attachment-medium size-medium wp-image-701\" alt=\"\" srcset=\"https:\/\/www.anegcon.com\/wp-content\/uploads\/2020\/05\/Andreas_Brandt_Partner-238x300.png 238w, https:\/\/www.anegcon.com\/wp-content\/uploads\/2020\/05\/Andreas_Brandt_Partner.png 345w\" sizes=\"auto, (max-width: 238px) 100vw, 238px\" \/>\t\t\t\t\t\t\t\t\t\t\t<figcaption class=\"widget-image-caption wp-caption-text\">ANDREAS BRAND | Partner ANEGcon GmbH<\/figcaption>\n\t\t\t\t\t\t\t\t\t\t<\/figure>\n\t\t\t\t\t\t\t\t<\/div>\n\t\t\t\t\t\t<\/div>\n\t\t\t\t<\/div>\n\t\t\t\t\t\t<\/div>\n\t\t\t\t\t<\/div>\n\t\t<\/div>\n\t\t\t\t<div class=\"has_eae_slider elementor-column elementor-col-50 elementor-top-column elementor-element elementor-element-b4d8fa5\" data-id=\"b4d8fa5\" data-element_type=\"column\">\n\t\t\t<div class=\"elementor-column-wrap elementor-element-populated\">\n\t\t\t\t\t\t\t<div class=\"elementor-widget-wrap\">\n\t\t\t\t\t\t<div class=\"elementor-element elementor-element-6c326c3 elementor-widget elementor-widget-text-editor\" data-id=\"6c326c3\" data-element_type=\"widget\" data-widget_type=\"text-editor.default\">\n\t\t\t\t<div class=\"elementor-widget-container\">\n\t\t\t\t\t\t\t\t<div class=\"elementor-text-editor elementor-clearfix\">\n\t\t\t\t<p><span style=\"color: #000000;\"><b>Andreas Brandt<\/b> ist Partner der <b>ANEGcon<\/b>. Aufgrund seiner Erfahrungen als Gr\u00fcnder und gesch\u00e4ftsf\u00fchrender Gesellschafter der ABi- Investments and Consultants GmbH sowie Gesellschafter der Torqk- Senior Advisory GmbH ist sein Fokus die Personalberatung im Operations-\/ Startup-Umfeld.<\/span><\/p><h2 style=\"letter-spacing: normal; color: #0b6767;\"><span style=\"font-weight: normal;\">Berufserfahrung:<\/span><\/h2><p><span style=\"color: #000000; font-weight: bold; letter-spacing: 0px;\">Mehrj\u00e4hrige Erfahrung als Manager und Gesch\u00e4ftsf\u00fchrer in verschiedenen Top- Managementberatungen mit Branchenschwerpunkt Industrie und Automotive<\/span><\/p><p><span style=\"color: #000000; font-weight: bold; letter-spacing: 0px;\">Diverse Managementfunktionen in namenhaften internationalen Industrieunternehmen, unter anderem in den Funktionen:<\/span><\/p><ul style=\"font-family: Roboto, sans-serif; font-size: 14px; font-weight: 400;\"><li>CPO eines internationalen Konzerns<\/li><li><span style=\"letter-spacing: 0px;\">Business Operations\u00a0<\/span>in einer namhaften Unternehmensberatung<\/li><li>Business Process Reeingineering in diversen mittelst\u00e4ndigen Unternehmen<\/li><\/ul><div>\u00a0<\/div><div><p style=\"font-family: Roboto, sans-serif; font-size: 14px; font-weight: 400;\"><span style=\"font-weight: bold; color: #000000;\">Mandate in Beir\u00e4ten und Aufsichtsr\u00e4ten\u00a0<\/span><\/p><p style=\"font-family: Roboto, sans-serif; font-size: 14px; font-weight: 400;\"><span style=\"color: #000000; font-weight: 600;\">Beteiligungsmanagement \u201eStartUp-Unternehmen\u201c<\/span><\/p><p><span style=\"color: #000000; font-weight: 600;\">Ausbildung: Diplom Betriebswirt, Executive MBA<\/span><\/p><p style=\"font-family: Roboto, sans-serif; font-size: 14px; font-weight: 400;\"><span style=\"font-family: Graphik, -apple-system, BlinkMacSystemFont, 'Segoe UI', Helvetica, Arial, sans-serif; font-size: 1.75em;\">Beratungsschwerpunkte:<\/span><\/p><ul style=\"font-family: Roboto, sans-serif; font-size: 14px; font-weight: 400;\"><li><span style=\"letter-spacing: 0px;\">Operations<\/span><\/li><li><span style=\"letter-spacing: 0px;\">Business Reengineering<\/span><\/li><li><span style=\"letter-spacing: 0px;\">Startups<\/span><\/li><\/ul><\/div>\t\t\t\t\t<\/div>\n\t\t\t\t\t\t<\/div>\n\t\t\t\t<\/div>\n\t\t\t\t\t\t<\/div>\n\t\t\t\t\t<\/div>\n\t\t<\/div>\n\t\t\t\t\t\t\t\t<\/div>\n\t\t\t\t\t<\/div>\n\t\t<\/section>\n\t\t\t\t<section class=\"has_eae_slider elementor-section elementor-top-section elementor-element elementor-element-82d7215 elementor-section-boxed elementor-section-height-default elementor-section-height-default\" data-id=\"82d7215\" data-element_type=\"section\">\n\t\t\t\t\t\t<div class=\"elementor-container elementor-column-gap-default\">\n\t\t\t\t\t\t\t<div class=\"elementor-row\">\n\t\t\t\t\t<div class=\"has_eae_slider elementor-column elementor-col-100 elementor-top-column elementor-element elementor-element-7b6ab30\" data-id=\"7b6ab30\" data-element_type=\"column\">\n\t\t\t<div class=\"elementor-column-wrap elementor-element-populated\">\n\t\t\t\t\t\t\t<div class=\"elementor-widget-wrap\">\n\t\t\t\t\t\t<div class=\"elementor-element elementor-element-43e1cf7 elementor-widget elementor-widget-image\" data-id=\"43e1cf7\" data-element_type=\"widget\" data-widget_type=\"image.default\">\n\t\t\t\t<div class=\"elementor-widget-container\">\n\t\t\t\t\t\t\t\t<div class=\"elementor-image\">\n\t\t\t\t\t\t\t\t\t<figure class=\"wp-caption\">\n\t\t\t\t\t\t\t\t\t\t<img loading=\"lazy\" decoding=\"async\" width=\"150\" height=\"150\" src=\"https:\/\/www.anegcon.com\/wp-content\/uploads\/2020\/05\/Andreas_Brandt-150x150.png\" class=\"attachment-thumbnail size-thumbnail wp-image-973\" alt=\"\" srcset=\"https:\/\/www.anegcon.com\/wp-content\/uploads\/2020\/05\/Andreas_Brandt-150x150.png 150w, https:\/\/www.anegcon.com\/wp-content\/uploads\/2020\/05\/Andreas_Brandt-300x300.png 300w, https:\/\/www.anegcon.com\/wp-content\/uploads\/2020\/05\/Andreas_Brandt-1024x1024.png 1024w, https:\/\/www.anegcon.com\/wp-content\/uploads\/2020\/05\/Andreas_Brandt-768x768.png 768w, https:\/\/www.anegcon.com\/wp-content\/uploads\/2020\/05\/Andreas_Brandt-1536x1536.png 1536w, https:\/\/www.anegcon.com\/wp-content\/uploads\/2020\/05\/Andreas_Brandt-2048x2048.png 2048w\" sizes=\"auto, (max-width: 150px) 100vw, 150px\" \/>\t\t\t\t\t\t\t\t\t\t\t<figcaption class=\"widget-image-caption wp-caption-text\">Scan die Visitenkarte von Andreas Brandt, Partner bei ANEGcon<\/figcaption>\n\t\t\t\t\t\t\t\t\t\t<\/figure>\n\t\t\t\t\t\t\t\t<\/div>\n\t\t\t\t\t\t<\/div>\n\t\t\t\t<\/div>\n\t\t\t\t\t\t<\/div>\n\t\t\t\t\t<\/div>\n\t\t<\/div>\n\t\t\t\t\t\t\t\t<\/div>\n\t\t\t\t\t<\/div>\n\t\t<\/section>\n\t\t\t\t<section class=\"has_eae_slider elementor-section elementor-top-section elementor-element elementor-element-9c7d9fd elementor-section-boxed elementor-section-height-default elementor-section-height-default\" data-id=\"9c7d9fd\" data-element_type=\"section\">\n\t\t\t\t\t\t<div class=\"elementor-container elementor-column-gap-default\">\n\t\t\t\t\t\t\t<div class=\"elementor-row\">\n\t\t\t\t\t<div class=\"has_eae_slider elementor-column elementor-col-50 elementor-top-column elementor-element elementor-element-3db2a2f\" data-id=\"3db2a2f\" data-element_type=\"column\">\n\t\t\t<div class=\"elementor-column-wrap elementor-element-populated\">\n\t\t\t\t\t\t\t<div class=\"elementor-widget-wrap\">\n\t\t\t\t\t\t<div class=\"elementor-element elementor-element-733d952 elementor-align-right elementor-mobile-align-center elementor-widget elementor-widget-button\" data-id=\"733d952\" data-element_type=\"widget\" data-widget_type=\"button.default\">\n\t\t\t\t<div class=\"elementor-widget-container\">\n\t\t\t\t\t<div class=\"elementor-button-wrapper\">\n\t\t\t<a href=\"mailto:andreas.brandt@anegcon.com\" class=\"elementor-button-link elementor-button elementor-size-sm\" role=\"button\">\n\t\t\t\t\t\t<span class=\"elementor-button-content-wrapper\">\n\t\t\t\t\t\t<span class=\"elementor-button-text\">KONTAKT<\/span>\n\t\t<\/span>\n\t\t\t\t\t<\/a>\n\t\t<\/div>\n\t\t\t\t<\/div>\n\t\t\t\t<\/div>\n\t\t\t\t\t\t<\/div>\n\t\t\t\t\t<\/div>\n\t\t<\/div>\n\t\t\t\t<div class=\"has_eae_slider elementor-column elementor-col-50 elementor-top-column elementor-element elementor-element-2b22105\" data-id=\"2b22105\" data-element_type=\"column\">\n\t\t\t<div class=\"elementor-column-wrap elementor-element-populated\">\n\t\t\t\t\t\t\t<div class=\"elementor-widget-wrap\">\n\t\t\t\t\t\t<div class=\"elementor-element elementor-element-bd8cce6 elementor-mobile-align-center elementor-widget elementor-widget-button\" data-id=\"bd8cce6\" data-element_type=\"widget\" data-widget_type=\"button.default\">\n\t\t\t\t<div class=\"elementor-widget-container\">\n\t\t\t\t\t<div class=\"elementor-button-wrapper\">\n\t\t\t<a href=\"https:\/\/www.anegcon.com\/#team\" class=\"elementor-button-link elementor-button elementor-size-sm\" role=\"button\">\n\t\t\t\t\t\t<span class=\"elementor-button-content-wrapper\">\n\t\t\t\t\t\t<span class=\"elementor-button-text\">ZUR\u00dcCK<\/span>\n\t\t<\/span>\n\t\t\t\t\t<\/a>\n\t\t<\/div>\n\t\t\t\t<\/div>\n\t\t\t\t<\/div>\n\t\t\t\t\t\t<\/div>\n\t\t\t\t\t<\/div>\n\t\t<\/div>\n\t\t\t\t\t\t\t\t<\/div>\n\t\t\t\t\t<\/div>\n\t\t<\/section>\n\t\t\t\t\t\t\t\t\t<\/div>\n\t\t\t<\/div>\n\t\t\t\t\t<\/div>\n\t\t","protected":false},"excerpt":{"rendered":"<p>ANEGcon Kernteam \u2013 \u201eIt\u2018s all about People\u201c ANDREAS BRAND | Partner ANEGcon GmbH Andreas Brandt ist Partner der ANEGcon. Aufgrund seiner Erfahrungen als Gr\u00fcnder und gesch\u00e4ftsf\u00fchrender Gesellschafter der ABi- Investments and Consultants GmbH sowie Gesellschafter der Torqk- Senior Advisory GmbH ist sein Fokus die Personalberatung im Operations-\/ Startup-Umfeld. Berufserfahrung: Mehrj\u00e4hrige Erfahrung als Manager und Gesch\u00e4ftsf\u00fchrer&hellip;&nbsp;<a href=\"https:\/\/www.anegcon.com\/home\/andreas-brandt\/\" class=\"\" rel=\"bookmark\">Weiterlesen &raquo;<span class=\"screen-reader-text\">ANDREAS BRANDT<\/span><\/a><\/p>\n","protected":false},"author":1,"featured_media":0,"parent":0,"menu_order":0,"comment_status":"closed","ping_status":"closed","template":"page-templates\/template-pagebuilder-full-width.php","meta":{"footnotes":""},"class_list":["post-910","page","type-page","status-publish","hentry"],"_links":{"self":[{"href":"https:\/\/www.anegcon.com\/home\/wp-json\/wp\/v2\/pages\/910","targetHints":{"allow":["GET"]}}],"collection":[{"href":"https:\/\/www.anegcon.com\/home\/wp-json\/wp\/v2\/pages"}],"about":[{"href":"https:\/\/www.anegcon.com\/home\/wp-json\/wp\/v2\/types\/page"}],"author":[{"embeddable":true,"href":"https:\/\/www.anegcon.com\/home\/wp-json\/wp\/v2\/users\/1"}],"replies":[{"embeddable":true,"href":"https:\/\/www.anegcon.com\/home\/wp-json\/wp\/v2\/comments?post=910"}],"version-history":[{"count":39,"href":"https:\/\/www.anegcon.com\/home\/wp-json\/wp\/v2\/pages\/910\/revisions"}],"predecessor-version":[{"id":1683,"href":"https:\/\/www.anegcon.com\/home\/wp-json\/wp\/v2\/pages\/910\/revisions\/1683"}],"wp:attachment":[{"href":"https:\/\/www.anegcon.com\/home\/wp-json\/wp\/v2\/media?parent=910"}],"curies":[{"name":"wp","href":"https:\/\/api.w.org\/{rel}","templated":true}]}}